{"id":145,"date":"2016-01-29T23:48:00","date_gmt":"2016-01-29T20:48:00","guid":{"rendered":"http:\/\/localhost:8888\/wpshm\/?page_id=145"},"modified":"2018-01-03T23:54:25","modified_gmt":"2018-01-03T23:54:25","slug":"sctprinc","status":"publish","type":"page","link":"https:\/\/www.kachafa.ma\/?page_id=145","title":{"rendered":"\u0623\u0647\u062f\u0627\u0641 \u0648\u0645\u0628\u0627\u062f\u0649\u0621 \u0627\u0644\u062d\u0631\u0643\u0629 \u0627\u0644\u0643\u0634\u0641\u064a\u0629"},"content":{"rendered":"<p dir=\"rtl\"><span style=\"text-decoration: underline;\"><strong><span style=\"color: #333399; text-decoration: underline;\">\u062a\u0639\u0631\u064a\u0641 \u0627\u0644\u062d\u0631\u0643\u0629 \u0627\u0644\u0643\u0634\u0641\u064a\u0629:<\/span><\/strong><\/span><\/p>\n<p dir=\"rtl\">\u0627\u0644\u0643\u0634\u0641\u064a\u0629\u00a0\u0647\u064a \u0623\u0648\u0644 \u062d\u0631\u0643\u0629 \u062a\u0631\u0628\u0648\u064a\u0629 \u062a\u0637\u0648\u0639\u064a\u0629 \u0644\u0627 \u0633\u064a\u0627\u0633\u064a\u0629 \u0645\u0648\u062c\u0647\u0629 \u0644\u0644\u0641\u062a\u064a\u0629 \u0648\u0627\u0644\u0634\u0628\u0627\u0628.<\/p>\n<p>&nbsp;<\/p>\n[notice]\n<p><strong><span style=\"text-decoration: underline;\"><span style=\"color: #000080; text-decoration: underline;\">\u0634\u0631\u062d \u0627\u0644\u062a\u0639\u0627\u0631\u064a\u0641:<\/span><\/span><\/strong><\/p>\n<p dir=\"rtl\"><strong><span style=\"text-decoration: underline;\"><span style=\"color: #ff0000; text-decoration: underline;\">\u062d\u0631\u0643\u0629:<\/span><\/span><\/strong> \u0623\u064a \u062f\u064a\u0646\u0627\u0645\u064a\u0629\u060c \u0641\u0647\u064a \u062a\u0639\u062a\u0645\u062f \u0639\u0644\u0649 \u0627\u0644\u062a\u0648\u0627\u0635\u0644 \u0645\u0639 \u0627\u0644\u063a\u064a\u0631 \u0648\u062e\u062f\u0645\u062a\u0647 \u0639\u0646 \u0637\u0631\u064a\u0642 \u062a\u062d\u0645\u0644 \u0627\u0644\u0645\u0633\u0624\u0648\u0644\u064a\u0629.<br \/>\n<strong><span style=\"text-decoration: underline;\"><span style=\"color: #ff0000; text-decoration: underline;\">\u062a\u0631\u0628\u0648\u064a\u0640\u0629 :<\/span><\/span><\/strong> \u0623\u064a \u0623\u0646\u0647\u0627 \u062a\u0639\u0646\u064a \u0627\u0644\u0642\u062f\u0631\u0627\u062a \u0627\u0644\u0645\u0639\u0631\u0641\u064a\u0629 \u0644\u0644\u0634\u062e\u0635 \u0648\u062a\u0645\u0643\u0646\u0647 \u0645\u0646 \u0625\u0641\u0627\u062f\u0629 \u0645\u062c\u062a\u0645\u0639\u0647\u060c \u0641\u0647\u064a \u062a\u0634\u0645\u0644 \u0634\u062a\u0649 \u0627\u0644\u0645\u062c\u0627\u0644\u0627\u062a (\u0627\u0644\u062b\u0642\u0627\u0641\u064a\u0629 \u0648\u0627\u0644\u0641\u0646\u064a\u0629 \u0648\u0627\u0644\u0627\u062c\u062a\u0645\u0627\u0639\u064a\u0629&#8230; ) \u0627\u0644\u062a\u064a \u062a\u062c\u0639\u0644 \u0645\u0646 \u0627\u0644\u0641\u0631\u062f \u0645\u0648\u0627\u0637\u0646\u0627 \u0635\u0627\u0644\u062d\u0627 \u062f\u0627\u062e\u0644 \u0645\u062c\u062a\u0645\u0639\u0647.<\/p>\n<p dir=\"rtl\"><span style=\"text-decoration: underline;\"><strong>\u0648\u064a\u0645\u0643\u0646 \u062a\u0642\u0633\u064a\u0645 \u0627\u0644\u062a\u0631\u0628\u064a\u0629 \u0625\u0644\u0649 \u062b\u0644\u0627\u062b \u0623\u0642\u0633\u0627\u0645:<\/strong><\/span><\/p>\n<p dir=\"rtl\"><span style=\"color: #800080;\">\u0627\u0644\u062a\u0631\u0628\u064a\u0629 \u0627\u0644\u0631\u0633\u0645\u064a\u0629:\u00a0<\/span>\u0627\u0644\u0623\u0633\u0631\u0629 \u0648\u0627\u0644\u0645\u062f\u0631\u0633\u0629.<\/p>\n<p dir=\"rtl\"><span style=\"color: #800080;\">\u0627\u0644\u062a\u0631\u0628\u064a\u0629 \u0627\u0644\u062d\u064a\u0627\u062a\u064a\u0629:<\/span>\u00a0\u0627\u0644\u0645\u062c\u062a\u0645\u0639 \u0648\u0627\u0644\u062d\u064a\u0627\u0629.<br \/>\n<span style=\"color: #800080;\">\u0627\u0644\u062a\u0631\u0628\u064a\u0629 \u063a\u064a\u0631 \u0627\u0644\u0631\u0633\u0645\u064a\u0629:<\/span>\u00a0\u0643\u0645\u062b\u0644 \u0627\u0644\u0643\u0634\u0641\u064a\u0629 \u060c \u0623\u064a \u0623\u064a \u0646\u0634\u0627\u0637 \u064a\u062a\u0645 \u062e\u0627\u0631\u062c \u0646\u0638\u0627\u0645 \u0627\u0644\u0628\u064a\u062a \u0648\u0627\u0644\u0645\u062f\u0631\u0633\u0629 \u0627\u0644\u0645\u0623\u0644\u0648\u0641.<br \/>\n<strong><span style=\"text-decoration: underline;\"><span style=\"color: #ff0000; text-decoration: underline;\">\u062a\u0637\u0648\u0639\u064a\u0629 :<\/span><\/span><\/strong>\u00a0\u0625\u0630 \u0623\u0646 \u0645\u0646 \u064a\u0642\u062f\u0645 \u0639\u0644\u0649 \u0627\u0644\u0627\u0646\u062e\u0631\u0627\u0637 \u0641\u064a \u0627\u0644\u062d\u0631\u0643\u0629 \u064a\u0643\u0648\u0646 \u0647\u062f\u0641\u0647 \u0627\u0644\u0627\u0633\u062a\u0641\u0627\u062f\u0629 \u0641\u0643\u0631\u064a\u0627 \u060c \u0648\u0630\u0644\u0643 \u0639\u0646 \u0637\u0631\u064a\u0642 \u0631\u063a\u0628\u0629 \u0623\u0648 \u0627\u0642\u062a\u0646\u0627\u0639 \u0630\u0627\u062a\u064a\u064a\u0646 . \u0648\u0627\u0644\u062a\u0637\u0648\u0639 \u063a\u0627\u0644\u0628\u0627 \u0645\u0627 \u064a\u0624\u062f\u064a \u0625\u0644\u0649 \u062e\u0644\u0642 \u0623\u0637\u0631 \u0645\u062a\u0641\u0631\u063a\u0629 \u0644\u0644\u0643\u0634\u0641\u064a\u0629 \u0648\u0645\u0633\u062a\u0645\u0631\u0629 \u0628\u0647\u0627 \u0645\u0644\u062a\u0632\u0645\u0629 \u0628\u0642\u0648\u0627\u0646\u064a\u0646 \u0648\u0645\u0628\u0627\u062f\u0626 \u0648\u0637\u0631\u0642 \u0627\u0644\u062d\u0631\u0643\u0629( \u0648\u0645\u0646 \u0647\u0646\u0627 \u0627\u0644\u0641\u0631\u0642 \u0628\u064a\u0646 \u0627\u0644\u0639\u0645\u0644 \u0627\u0644\u0643\u0634\u0641\u064a \u0648\u0627\u0644\u0623\u0639\u0645\u0627\u0644 \u0627\u0644\u062c\u0645\u0639\u0648\u064a\u0629 \u0627\u0644\u0623\u062e\u0631\u0649) .<br \/>\n\u0644\u0627 \u0633\u064a\u0627\u0633\u064a\u0629:\u00a0\u0627\u0644\u0647\u062f\u0641 \u0645\u0646 \u0627\u0644\u062d\u0631\u0643\u0629 \u0627\u0644\u0643\u0634\u0641\u064a\u0629 \u0644\u064a\u0633 \u0627\u0644\u0648\u0635\u0648\u0644 \u0625\u0644\u0649 \u0627\u0644\u0633\u0644\u0637\u0629 \u0628\u0627\u0644\u0631\u063a\u0645 \u0645\u0646 \u0623\u0646\u0647\u0627 \u062a\u0647\u062a\u0645 \u0628\u0627\u0644\u0633\u064a\u0627\u0633\u0629 \u0648\u0627\u0644\u0623\u0645\u0648\u0631 \u0627\u0644\u0645\u062a\u0639\u0644\u0642\u0629 \u0628\u0627\u0644\u0648\u0644\u0627\u0621 \u0644\u0644\u0648\u0637\u0646\u060c \u062f\u0648\u0646 \u0625\u063a\u0641\u0627\u0644 \u0627\u0644\u062f\u0648\u0631 \u0627\u0644\u0643\u0628\u064a\u0631 \u0627\u0644\u0630\u064a \u0644\u0639\u0628\u062a\u0647 \u062e\u0644\u0627\u0644 \u0641\u062a\u0631\u0629 \u0627\u0644\u062d\u0645\u0627\u064a\u0629 \u0648\u0627\u0644\u0627\u0633\u062a\u0642\u0644\u0627\u0644(cause g\u00e9n\u00e9rale pour l&#8217;\u00e9tat) \u060c \u0644\u0630\u0644\u0643 \u0641\u0644\u0627 \u064a\u0645\u0643\u0646 \u0625\u064a\u062c\u0627\u062f \u0623\u0648 \u062a\u0643\u0648\u064a\u0646 \u0623\u062d\u0632\u0627\u0628 \u0633\u064a\u0627\u0633\u064a\u0629 \u062f\u0627\u062e\u0644 \u0627\u0644\u062d\u0631\u0643\u0629 \u0627\u0644\u0643\u0634\u0641\u064a\u0629 \u0644\u0623\u0646\u0647\u0627 \u062b\u0627\u0628\u062a\u0629 \u062a\u0647\u062f\u0641 \u0625\u0644\u0649 \u062a\u0643\u0648\u064a\u0646 \u0627\u0644\u0641\u062a\u064a\u0629 \u0648\u0627\u0644\u0634\u0628\u0627\u0628.<\/p>\n[\/notice]\n<p dir=\"rtl\"><strong><span style=\"text-decoration: underline;\"><span style=\"color: #000080; text-decoration: underline;\">\u062a\u062d\u062f\u064a\u062f \u0627\u0644\u0642\u0648\u0649 \u0627\u0644\u0628\u062f\u0646\u064a\u0629 \u0648\u0627\u0644\u0639\u0642\u0644\u064a\u0629 \u0648\u0627\u0644\u0631\u0648\u062d\u064a\u0629:<\/span><\/span><\/strong><\/p>\n<p dir=\"rtl\">\u062a\u0647\u062f\u0641 \u0627\u0644\u062d\u0631\u0643\u0629 \u0627\u0644\u0643\u0634\u0641\u064a\u0629 \u0625\u0644\u0649 \u0627\u0644\u062a\u0646\u0645\u064a\u0629 \u0627\u0644\u0645\u062a\u0643\u0627\u0645\u0644\u0629 \u0644\u0642\u062f\u0631\u0627\u062a \u0627\u0644\u0641\u0631\u062f \u0645\u0646 \u0627\u0644\u0646\u0648\u0627\u062d\u064a \u0627\u0644\u0628\u062f\u0646\u064a\u0629 \u0648\u0627\u0644\u0641\u0643\u0631\u064a\u0629 \u0648\u0627\u0644\u0627\u062c\u062a\u0645\u0627\u0639\u064a\u0629 \u0648\u0627\u0644\u0631\u0648\u062d\u064a\u0629\u060c \u0648\u0647\u064a \u062c\u0648\u0627\u0646\u0628 \u0644\u0627 \u064a\u0645\u0643\u0646 \u0623\u0646 \u062a\u062a\u0637\u0648\u0631 \u0628\u0645\u0639\u0632\u0644 \u0639\u0646 \u0628\u0639\u0636\u0647\u0627.<a href=\"administrator\/index.php?option=com_content&amp;view=article&amp;layout=pagebreak&amp;tmpl=component&amp;e_name=jform_articletext\">\u00a0<\/a><\/p>\n<p dir=\"rtl\">\u0644\u0627 \u064a\u0645\u0643\u0646 \u0623\u0646 \u062a\u062d\u0644 \u0645\u062d\u0644 \u0627\u0644\u0623\u0633\u0631\u0629 \u0648\u0627\u0644\u0645\u062f\u0631\u0633\u0629 \u0623\u0648 \u0627\u0644\u0645\u0624\u0633\u0633\u0627\u062a \u0627\u0644\u062f\u064a\u0646\u064a\u0629 \u0648\u0627\u0644\u0627\u062c\u062a\u0645\u0627\u0639\u064a\u0629 \u0648\u063a\u064a\u0631\u0647\u0627\u060c \u063a\u064a\u0631 \u0623\u0646\u0647\u0627 \u062a\u0643\u0645\u0644 \u0627\u0644\u0623\u062b\u0631 \u0627\u0644\u062a\u0631\u0628\u0648\u064a \u0644\u0647\u0630\u0647 \u0627\u0644\u0645\u0624\u0633\u0633\u0627\u062a.<br \/>\n\u0645\u0646 \u0627\u0644\u0646\u0627\u062d\u064a\u0629 \u0627\u0644\u0628\u062f\u0646\u064a\u0629 :\u00a0\u062a\u0647\u062a\u0645 \u0627\u0644\u0643\u0634\u0641\u064a\u0629 \u0628\u0627\u0644\u0631\u064a\u0627\u0636\u0629 \u0648\u0627\u0644\u0644\u064a\u0627\u0642\u0629 \u0627\u0644\u0628\u062f\u0646\u064a\u0629\u060c \u0648\u062a\u0633\u062a\u0641\u064a\u062f \u0643\u0630\u0644\u0643 \u0645\u0646 \u062d\u064a\u0627\u0629 \u0627\u0644\u062e\u0644\u0627\u0621 \u0627\u0644\u062a\u064a \u062a\u062e\u0648\u0644 \u0627\u0644\u0645\u062c\u0627\u0644 \u0627\u0644\u0645\u0646\u0627\u0633\u0628 \u0644\u0645\u0645\u0627\u0631\u0633\u0629 \u0623\u0644\u0639\u0627\u0628 \u0648\u0623\u0646\u0634\u0637\u0629 \u0631\u064a\u0627\u0636\u064a\u0629 \u0639\u062f\u064a\u062f\u0629 . \u0641\u0627\u0644\u0635\u062d\u0629 \u0648\u0627\u0644\u0642\u0648\u0629 \u062a\u0624\u062f\u064a \u0625\u0644\u0649 \u0627\u0644\u062a\u0639\u0648\u062f \u0639\u0644\u0649 \u0627\u0644\u0635\u0628\u0631 \u0648\u062a\u062d\u0645\u0644 \u0627\u0644\u0635\u0639\u0627\u0628.<br \/>\n\u0645\u0646 \u0627\u0644\u0646\u0627\u062d\u064a\u0629 \u0627\u0644\u0639\u0642\u0644\u064a\u0629:\u00a0\u0645\u0646 \u0628\u064a\u0646 \u0627\u0644\u0623\u0647\u062f\u0627\u0641 \u0627\u0644\u0639\u0642\u0644\u064a\u0629 \u0644\u0644\u0643\u0634\u0641\u064a\u0629 :<br \/>\n\u25a0\u062a\u0646\u0645\u064a\u0629 \u0642\u062f\u0631\u0627\u062a \u0627\u0644\u0627\u0633\u062a\u064a\u0639\u0627\u0628.<\/p>\n<p dir=\"rtl\">\u25a0\u062a\u0646\u0645\u064a\u0629 \u0645\u0644\u0643\u0629 \u0627\u0644\u0630\u0643\u0627\u0621.<\/p>\n<p dir=\"rtl\">\u25a0\u062f\u0642\u0629 \u0627\u0644\u0645\u0644\u0627\u062d\u0638\u0629.<\/p>\n<p dir=\"rtl\">\u25a0\u0627\u0644\u0625\u062c\u0631\u0627\u0626\u064a\u0629 \u0641\u064a \u0645\u0648\u0627\u062c\u0647\u0629 \u0645\u0648\u0627\u0642\u0641 \u0627\u0644\u062d\u064a\u0627\u0629.<\/p>\n<p dir=\"rtl\">\u25a0\u062a\u062c\u0627\u0648\u0632 \u0627\u0644\u0623\u0641\u0643\u0627\u0631 \u0648\u062a\u0631\u0627\u0628\u0637\u0647\u0627.<\/p>\n<p dir=\"rtl\">\u25a0\u062a\u0643\u0648\u064a\u0646 \u062a\u0641\u0643\u064a\u0631 \u0645\u0646\u0637\u0642\u064a \u0648\u0633\u0644\u064a\u0645.<\/p>\n<p dir=\"rtl\">\u25a0\u0627\u0644\u0642\u062f\u0631\u0629 \u0639\u0644\u0649 \u0627\u0644\u062e\u064a\u0627\u0644 \u0648\u0627\u0644\u0627\u0628\u062a\u0643\u0627\u0631.<\/p>\n<p dir=\"rtl\">\u25a0\u062a\u0646\u0645\u064a\u0629 \u0645\u064a\u0648\u0644 \u0633\u0627\u0645\u064a\u0629 \u0648\u062d\u0633\u0646 \u0627\u0644\u062a\u0635\u0631\u0641.<\/p>\n<p dir=\"rtl\">\u25a0\u0627\u0643\u062a\u0633\u0627\u0628 \u0642\u062f\u0631\u0627\u062a \u0646\u0627\u0641\u0639\u0629.<\/p>\n<p dir=\"rtl\"><strong><span style=\"text-decoration: underline;\"><span style=\"color: #000080; text-decoration: underline;\">\u0645\u0646 \u0627\u0644\u0646\u0627\u062d\u064a\u0629 \u0627\u0644\u0627\u062c\u062a\u0645\u0627\u0639\u064a\u0629 :<\/span><\/span><\/strong>\u00a0\u0647\u0646\u0627 \u064a\u062a\u0645\u062b\u0644 \u0647\u062f\u0641 \u0645\u0646 \u0623\u0647\u0645 \u0627\u0644\u0623\u0647\u062f\u0627\u0641 \u0627\u0644\u0643\u0634\u0641\u064a\u0629 \u0648\u0647\u0648 \u062a\u0643\u0648\u064a\u0646 \u0645\u0648\u0627\u0637\u0646 \u0635\u0627\u0644\u062d \u064a\u0639\u0648\u062f \u0628\u0627\u0644\u0646\u0641\u0639 \u0639\u0644\u0649 \u0645\u062c\u062a\u0645\u0639\u0647 \u0645\u0646 \u062e\u0644\u0627\u0644 \u0627\u0643\u062a\u0633\u0627\u0628\u0647 \u0644:<br \/>\n\u25a0\u0631\u0648\u062d \u0627\u0644\u062a\u0636\u0627\u0645\u0646.<\/p>\n<p dir=\"rtl\">\u25a0\u062d\u0628 \u0627\u0644\u062e\u064a\u0631.<\/p>\n<p dir=\"rtl\">\u25a0\u0627\u0644\u0637\u0627\u0639\u0629 \u0648\u0627\u0644\u0648\u0644\u0627\u0621 \u0644\u0644\u062c\u0645\u0627\u0639\u0629.<\/p>\n<p dir=\"rtl\">\u25a0\u0627\u0644\u0627\u0646\u0633\u062c\u0627\u0645 \u0641\u064a \u0627\u0644\u0645\u062c\u062a\u0645\u0639.<\/p>\n<p dir=\"rtl\">\u25a0\u062a\u062d\u0645\u0644 \u0627\u0644\u0645\u0633\u0624\u0648\u0644\u064a\u0629&#8230;<br \/>\n\u0645\u0646 \u0627\u0644\u0646\u0627\u062d\u064a\u0629 \u0627\u0644\u0631\u0648\u062d\u064a\u0629:\u00a0\u062a\u0639\u062a\u0628\u0631 \u0623\u0633\u0627\u0633\u064a\u0629 \u0641\u064a \u062a\u0643\u0648\u064a\u0646 \u0627\u0644\u0641\u0631\u062f\u060c \u0625\u0630 \u062a\u0639\u0644\u0645\u0647 \u0643\u064a\u0641\u064a\u0629 \u062a\u062d\u0645\u0644 \u0627\u0644\u0645\u0633\u0624\u0648\u0644\u064a\u0629 \u0628\u062f\u0648\u0646 \u0645\u0642\u0627\u0628\u0644 \u060c \u0648\u062a\u0642\u0648\u064a \u0627\u0644\u0631\u0648\u062d \u0627\u0644\u062f\u064a\u0646\u064a\u0629 \u0641\u064a \u0646\u0641\u0633\u0647. \u063a\u0627\u0644\u0628\u0627 \u0645\u0627 \u062a\u0631\u062a\u0628\u0637 \u0628\u0627\u0644\u062c\u0627\u0646\u0628 \u0627\u0644\u0639\u0627\u0637\u0641\u064a \u0641\u0647\u064a \u062a\u0639\u0648\u062f \u0627\u0644\u0641\u0631\u062f \u0639\u0644\u0649 \u062a\u0647\u0630\u064a\u0628 \u0627\u0644\u0646\u0641\u0633 \u060c \u0627\u0644\u0627\u062a\u0632\u0627\u0646 \u0627\u0644\u0646\u0641\u0633\u064a\u060c \u0631\u062d\u0627\u0628\u0629 \u0627\u0644\u0635\u062f\u0631\u060c \u062d\u0628 \u0627\u0644\u063a\u064a\u0631\u060c \u0627\u0644\u0633\u064a\u0637\u0631\u0629 \u0639\u0644\u0649 \u0627\u0644\u0627\u0646\u0641\u0639\u0627\u0644\u0627\u062a&#8230;<\/p>\n<p>&nbsp;<\/p>\n","protected":false},"excerpt":{"rendered":"<p>\u062a\u0639\u0631\u064a\u0641 \u0627\u0644\u062d\u0631\u0643\u0629 \u0627\u0644\u0643\u0634\u0641\u064a\u0629: \u0627\u0644\u0643\u0634\u0641\u064a\u0629\u00a0\u0647\u064a \u0623\u0648\u0644 \u062d\u0631\u0643\u0629 \u062a\u0631\u0628\u0648\u064a\u0629 \u062a\u0637\u0648\u0639\u064a\u0629 \u0644\u0627 \u0633\u064a\u0627\u0633\u064a\u0629 \u0645\u0648\u062c\u0647\u0629 \u0644\u0644\u0641\u062a\u064a\u0629 \u0648\u0627\u0644\u0634\u0628\u0627\u0628. &nbsp; [notice] \u0634\u0631\u062d \u0627\u0644\u062a\u0639\u0627\u0631\u064a\u0641: \u062d\u0631\u0643\u0629: \u0623\u064a \u062f\u064a\u0646\u0627\u0645\u064a\u0629\u060c \u0641\u0647\u064a \u062a\u0639\u062a\u0645\u062f \u0639\u0644\u0649 \u0627\u0644\u062a\u0648\u0627\u0635\u0644 \u0645\u0639 \u0627\u0644\u063a\u064a\u0631 \u0648\u062e\u062f\u0645\u062a\u0647 \u0639\u0646 \u0637\u0631\u064a\u0642 \u062a\u062d\u0645\u0644 \u0627\u0644\u0645\u0633\u0624\u0648\u0644\u064a\u0629. \u062a\u0631\u0628\u0648\u064a\u0640\u0629 : \u0623\u064a \u0623\u0646\u0647\u0627 \u062a\u0639\u0646\u064a \u0627\u0644\u0642\u062f\u0631\u0627\u062a \u0627\u0644\u0645\u0639\u0631\u0641\u064a\u0629 \u0644\u0644\u0634\u062e\u0635 \u0648\u062a\u0645\u0643\u0646\u0647 \u0645\u0646 \u0625\u0641\u0627\u062f\u0629 \u0645\u062c\u062a\u0645\u0639\u0647\u060c \u0641\u0647\u064a \u062a\u0634\u0645\u0644 \u0634\u062a\u0649 \u0627\u0644\u0645\u062c\u0627\u0644\u0627\u062a (\u0627\u0644\u062b\u0642\u0627\u0641\u064a\u0629 \u0648\u0627\u0644\u0641\u0646\u064a\u0629 \u0648\u0627\u0644\u0627\u062c\u062a\u0645\u0627\u0639\u064a\u0629&#8230; ) \u0627\u0644\u062a\u064a \u062a\u062c\u0639\u0644 \u0645\u0646 \u0627\u0644\u0641\u0631\u062f &hellip;<\/p>\n","protected":false},"author":1,"featured_media":0,"parent":0,"menu_order":0,"comment_status":"closed","ping_status":"closed","template":"","meta":{"jetpack_post_was_ever_published":false,"footnotes":""},"class_list":["post-145","page","type-page","status-publish","hentry"],"jetpack_sharing_enabled":true,"jetpack_shortlink":"https:\/\/wp.me\/P7hI1G-2l","jetpack-related-posts":[],"_links":{"self":[{"href":"https:\/\/www.kachafa.ma\/index.php?rest_route=\/wp\/v2\/pages\/145","targetHints":{"allow":["GET"]}}],"collection":[{"href":"https:\/\/www.kachafa.ma\/index.php?rest_route=\/wp\/v2\/pages"}],"about":[{"href":"https:\/\/www.kachafa.ma\/index.php?rest_route=\/wp\/v2\/types\/page"}],"author":[{"embeddable":true,"href":"https:\/\/www.kachafa.ma\/index.php?rest_route=\/wp\/v2\/users\/1"}],"replies":[{"embeddable":true,"href":"https:\/\/www.kachafa.ma\/index.php?rest_route=%2Fwp%2Fv2%2Fcomments&post=145"}],"version-history":[{"count":2,"href":"https:\/\/www.kachafa.ma\/index.php?rest_route=\/wp\/v2\/pages\/145\/revisions"}],"predecessor-version":[{"id":968,"href":"https:\/\/www.kachafa.ma\/index.php?rest_route=\/wp\/v2\/pages\/145\/revisions\/968"}],"wp:attachment":[{"href":"https:\/\/www.kachafa.ma\/index.php?rest_route=%2Fwp%2Fv2%2Fmedia&parent=145"}],"curies":[{"name":"wp","href":"https:\/\/api.w.org\/{rel}","templated":true}]}}